{"id":2,"date":"2016-05-25T17:36:42","date_gmt":"2016-05-25T15:36:42","guid":{"rendered":"http:\/\/m-tec-gmbh.net\/?page_id=2"},"modified":"2023-01-31T18:56:51","modified_gmt":"2023-01-31T17:56:51","slug":"dienstleistungen","status":"publish","type":"page","link":"https:\/\/gpaddress.de\/en\/dienstleistungen\/","title":{"rendered":"Dienstleistungen"},"content":{"rendered":"<div id=\"pl-2\"  class=\"panel-layout\" ><div id=\"pg-2-0\"  class=\"panel-grid panel-no-style\" ><div id=\"pgc-2-0-0\"  class=\"panel-grid-cell\" ><div id=\"panel-2-0-0-0\" class=\"so-panel widget widget_sow-image panel-first-child\" data-index=\"0\" ><div\n\t\t\t\n\t\t\tclass=\"so-widget-sow-image so-widget-sow-image-default-8b5b6f678277-2\"\n\t\t\t\n\t\t>\n\n<div class=\"sow-image-container\">\n\t\t<img decoding=\"async\" src=\"https:\/\/gpaddress.de\/wp-content\/uploads\/2017\/03\/Fotolia_92310272_S.jpg\" width=\"849\" height=\"566\" srcset=\"https:\/\/gpaddress.de\/wp-content\/uploads\/2017\/03\/Fotolia_92310272_S.jpg 849w, https:\/\/gpaddress.de\/wp-content\/uploads\/2017\/03\/Fotolia_92310272_S-300x200.jpg 300w, https:\/\/gpaddress.de\/wp-content\/uploads\/2017\/03\/Fotolia_92310272_S-768x512.jpg 768w, https:\/\/gpaddress.de\/wp-content\/uploads\/2017\/03\/Fotolia_92310272_S-272x182.jpg 272w\" sizes=\"(max-width: 849px) 100vw, 849px\" title=\"businessman hand working with modern technology and digital laye\" alt=\"\" loading=\"lazy\" \t\tclass=\"so-widget-image\"\/>\n\t<\/div>\n\n<\/div><\/div><div id=\"panel-2-0-0-1\" class=\"so-panel widget widget_toggles panel-last-child\" data-index=\"1\" ><div\n\t\t\t\n\t\t\tclass=\"so-widget-toggles so-widget-toggles-toggles-style-fbb5f6bcb295-2\"\n\t\t\t\n\t\t>\r\n\r\n    <h3 class=\"widget-title\">\r\n        <span>F &amp; E<\/span>\r\n    <\/h3>\r\n\r\n\r\n<div class=\"soua-main\">\r\n        <div class=\"soua-accordion\">\r\n        <a class=\"soua-accordion-title \">\r\n        <div class=\" left_b  bg \">\r\n        \r\n        \t\r\n                <div class=\"soua-accordion-icon-left\">\r\n        <span class=\"sow-icon-fontawesome sow-far\" data-sow-icon=\"&#xf07c;\"\n\t\t \n\t\taria-hidden=\"true\"><\/span>        <\/div>\r\n    \t    \t\r\n        Fachgebiete\r\n        \r\n    \t<\/div>\r\n        <\/a>\r\n        <div class=\"soua-accordion-content\"  style=\"padding: 15px\"; > <p>&gt;\u00a0Datenverarbeitung<br \/>\n&gt;\u00a0Bildverarbeitung<br \/>\n&gt; Optik<br \/>\n&gt; Digitalmikroskopie<br \/>\n&gt; GNSS-Geo-Positionssysteme<br \/>\n&gt; Strukturmechanik<br \/>\n&gt; Schwingungsdynamik<br \/>\n&gt; Akustik<br \/>\n&gt;\u00a0Str\u00f6mungsmechanik<br \/>\n&gt; Aerodynamik<br \/>\n&gt; Thermodynamik<\/p>\n<\/div>\r\n    <\/div>\r\n        <div class=\"soua-accordion\">\r\n        <a class=\"soua-accordion-title \">\r\n        <div class=\" left_b  bg \">\r\n        \r\n        \t\r\n                <div class=\"soua-accordion-icon-left\">\r\n        <span class=\"sow-icon-fontawesome sow-far\" data-sow-icon=\"&#xf07c;\"\n\t\t \n\t\taria-hidden=\"true\"><\/span>        <\/div>\r\n    \t    \t\r\n        Technologieentwicklung\r\n        \r\n    \t<\/div>\r\n        <\/a>\r\n        <div class=\"soua-accordion-content\"  style=\"padding: 15px\"; > <p>Wir entwickeln Ihre Anforderungen mit unserem Know-How und unseren Erfahrungen.<\/p>\n<p>F\u00fcr Entwicklungen im Bereich Sensorik und deren Datenanalyse bieten wir zus\u00e4tzlich Dienstleistungen in folgender Weise an:<\/p>\n<p>&gt; Analyse der Anforderungen<br \/>&gt; Umsetzung und Inbetriebnahme<\/p>\n<\/div>\r\n    <\/div>\r\n        <div class=\"soua-accordion\">\r\n        <a class=\"soua-accordion-title \">\r\n        <div class=\" left_b  bg \">\r\n        \r\n        \t\r\n                <div class=\"soua-accordion-icon-left\">\r\n        <span class=\"sow-icon-fontawesome sow-far\" data-sow-icon=\"&#xf07c;\"\n\t\t \n\t\taria-hidden=\"true\"><\/span>        <\/div>\r\n    \t    \t\r\n        Entwicklungsbegleitung\r\n        \r\n    \t<\/div>\r\n        <\/a>\r\n        <div class=\"soua-accordion-content\"  style=\"padding: 15px\"; > <p>Wir begleiten Ihre Forschung &amp; Entwicklung\u00a0 mit unserem Know-How und unseren Erfahrungen.<\/p>\n<\/div>\r\n    <\/div>\r\n        <div class=\"soua-accordion\">\r\n        <a class=\"soua-accordion-title \">\r\n        <div class=\" left_b  bg \">\r\n        \r\n        \t\r\n                <div class=\"soua-accordion-icon-left\">\r\n        <span class=\"sow-icon-fontawesome sow-far\" data-sow-icon=\"&#xf07c;\"\n\t\t \n\t\taria-hidden=\"true\"><\/span>        <\/div>\r\n    \t    \t\r\n        Anforderungsermittlung\r\n        \r\n    \t<\/div>\r\n        <\/a>\r\n        <div class=\"soua-accordion-content\"  style=\"padding: 15px\"; > <p>Wir f\u00fchren Anforderungsermittlungen f\u00fcr unsere Kunden als Consultants mit unserem Know-How und unseren Erfahrungen durch.<br \/>\nDie hierzu angewandten Methoden f\u00fchren zu wesentlich schnelleren Ergebnissen und Entscheidungen im Hinblick<br \/>\nauf Inhalte komplexer technischer Systeme und Kosten. Hiermit sichern wir unseren Kunden wesentliche Vorteile bzgl. technischer Inhalte und zeitlicher Abwicklung.<br \/>\nBeispiele sind: Sensorik und Sensorkalibierpr\u00fcfst\u00e4nde in den Anwendungsbereichen unserer Kunden sowie die Durchf\u00fchrung von Feldtests zur Verifizierung und Validierung der eingesetzten Technik.<\/p>\n<\/div>\r\n    <\/div>\r\n        <div class=\"soua-accordion\">\r\n        <a class=\"soua-accordion-title \">\r\n        <div class=\" left_b  bg \">\r\n        \r\n        \t\r\n                <div class=\"soua-accordion-icon-left\">\r\n        <span class=\"sow-icon-fontawesome sow-far\" data-sow-icon=\"&#xf07c;\"\n\t\t \n\t\taria-hidden=\"true\"><\/span>        <\/div>\r\n    \t    \t\r\n        F&amp;E - Netzwerk\r\n        \r\n    \t<\/div>\r\n        <\/a>\r\n        <div class=\"soua-accordion-content\"  style=\"padding: 15px\"; > <p>Wir unterst\u00fctzen Sie auch in Verbindung mit unseren F&amp;E - Netzwerkpartnern, den jeweiligen Anspr\u00fcchen Ihrer Aufgabenstellung entsprechend.<\/p><\/div>\r\n    <\/div>\r\n    <\/div><!-- \/ accordion -->\r\n\r\n<\/div><\/div><\/div><div id=\"pgc-2-0-1\"  class=\"panel-grid-cell\" ><div id=\"panel-2-0-1-0\" class=\"so-panel widget widget_sow-image panel-first-child\" data-index=\"2\" ><div\n\t\t\t\n\t\t\tclass=\"so-widget-sow-image so-widget-sow-image-default-8b5b6f678277-2\"\n\t\t\t\n\t\t>\n\n<div class=\"sow-image-container\">\n\t\t<img decoding=\"async\" src=\"https:\/\/gpaddress.de\/wp-content\/uploads\/2023\/01\/IbM-GPA-Platine-Aw04a.jpg\" width=\"849\" height=\"566\" srcset=\"https:\/\/gpaddress.de\/wp-content\/uploads\/2023\/01\/IbM-GPA-Platine-Aw04a.jpg 849w, https:\/\/gpaddress.de\/wp-content\/uploads\/2023\/01\/IbM-GPA-Platine-Aw04a-300x200.jpg 300w, https:\/\/gpaddress.de\/wp-content\/uploads\/2023\/01\/IbM-GPA-Platine-Aw04a-768x512.jpg 768w, https:\/\/gpaddress.de\/wp-content\/uploads\/2023\/01\/IbM-GPA-Platine-Aw04a-272x182.jpg 272w\" sizes=\"(max-width: 849px) 100vw, 849px\" title=\"IbM GPA Platine Aw04a\" alt=\"\" loading=\"lazy\" \t\tclass=\"so-widget-image\"\/>\n\t<\/div>\n\n<\/div><\/div><div id=\"panel-2-0-1-1\" class=\"so-panel widget widget_toggles panel-last-child\" data-index=\"3\" ><div\n\t\t\t\n\t\t\tclass=\"so-widget-toggles so-widget-toggles-toggles-style-fbb5f6bcb295-2\"\n\t\t\t\n\t\t>\r\n\r\n    <h3 class=\"widget-title\">\r\n        <span>Satellitendaten<\/span>\r\n    <\/h3>\r\n\r\n\r\n<div class=\"soua-main\">\r\n        <div class=\"soua-accordion\">\r\n        <a class=\"soua-accordion-title \">\r\n        <div class=\" right_b  bg \">\r\n        \r\n        \t\r\n                <div class=\"soua-accordion-icon-left\">\r\n        <span class=\"sow-icon-fontawesome sow-far\" data-sow-icon=\"&#xf07c;\"\n\t\t \n\t\taria-hidden=\"true\"><\/span>        <\/div>\r\n    \t    \t\r\n        Bild- und Rohdaten\r\n        \r\n    \t<\/div>\r\n        <\/a>\r\n        <div class=\"soua-accordion-content\"  style=\"padding: 15px\"; > <p>Verarbeitung der:<br \/> &gt; Bilddaten<br \/> &gt; Rohdaten<br \/> &gt; Analyse<br \/> &gt;\u00a0Bildverarbeitung<br \/> &gt;\u00a0Daten aus der Digitalmikroskopie<br \/> &gt; Integartion der Geo-Positionen<\/p>\n<\/div>\r\n    <\/div>\r\n        <div class=\"soua-accordion\">\r\n        <a class=\"soua-accordion-title \">\r\n        <div class=\" right_b  bg \">\r\n        \r\n        \t\r\n                <div class=\"soua-accordion-icon-left\">\r\n        <span class=\"sow-icon-fontawesome sow-far\" data-sow-icon=\"&#xf07c;\"\n\t\t \n\t\taria-hidden=\"true\"><\/span>        <\/div>\r\n    \t    \t\r\n        Numerische Berechnung\r\n        \r\n    \t<\/div>\r\n        <\/a>\r\n        <div class=\"soua-accordion-content\"  style=\"padding: 15px\"; > <p>Wir entwickeln und erstellen mathematische Algorithmen f\u00fcr Ihre Probleml\u00f6sung und setzen diese in g\u00e4ngige Software um.<br \/> Beipiele: KI, Data Mining, statistische Verfahren.<\/p>\n<\/div>\r\n    <\/div>\r\n        <div class=\"soua-accordion\">\r\n        <a class=\"soua-accordion-title \">\r\n        <div class=\" right_b  bg \">\r\n        \r\n        \t\r\n                <div class=\"soua-accordion-icon-left\">\r\n        <span class=\"sow-icon-fontawesome sow-far\" data-sow-icon=\"&#xf07c;\"\n\t\t \n\t\taria-hidden=\"true\"><\/span>        <\/div>\r\n    \t    \t\r\n        Messtechnik\r\n        \r\n    \t<\/div>\r\n        <\/a>\r\n        <div class=\"soua-accordion-content\"  style=\"padding: 15px\"; > <p>Messverfahren:<br \/>\n&gt; Aerodynamik<br \/>\n&gt; Thermodynamik<br \/>\n&gt; Schwingungsdynamik<br \/>\n&gt; Akustik<br \/>\n&gt; Strukturdynamik<br \/>\n&gt; Partikeldynamik<br \/>\n&gt; Lasertechnik<\/p>\n<p>in praxi Kalibrierung:<br \/>\n&gt; Windkanal<br \/>\n&gt; Kalibrierkanal<br \/>\n&gt; Temperierkanal<\/p>\n<\/div>\r\n    <\/div>\r\n        <div class=\"soua-accordion\">\r\n        <a class=\"soua-accordion-title \">\r\n        <div class=\" right_b  bg \">\r\n        \r\n        \t\r\n                <div class=\"soua-accordion-icon-left\">\r\n        <span class=\"sow-icon-fontawesome sow-far\" data-sow-icon=\"&#xf07c;\"\n\t\t \n\t\taria-hidden=\"true\"><\/span>        <\/div>\r\n    \t    \t\r\n        FMEA - Moderation\r\n        \r\n    \t<\/div>\r\n        <\/a>\r\n        <div class=\"soua-accordion-content\"  style=\"padding: 15px\"; > Auftragsbezogene Durchf\u00fchrung von Risiko-, Produkt- und Prozess - FMEAs <\/div>\r\n    <\/div>\r\n        <div class=\"soua-accordion\">\r\n        <a class=\"soua-accordion-title \">\r\n        <div class=\" right_b  bg \">\r\n        \r\n        \t\r\n                <div class=\"soua-accordion-icon-left\">\r\n        <span class=\"sow-icon-fontawesome sow-far\" data-sow-icon=\"&#xf07c;\"\n\t\t \n\t\taria-hidden=\"true\"><\/span>        <\/div>\r\n    \t    \t\r\n        Experten - Netzwerk\r\n        \r\n    \t<\/div>\r\n        <\/a>\r\n        <div class=\"soua-accordion-content\"  style=\"padding: 15px\"; > <p>&gt; Sensortechnik<br \/>\n&gt; Satellitenfernerkundung<br \/>\n&gt; Optik<br \/>\n&gt; Digitalmikroskopie<br \/>\n&gt; NVH<br \/>\n&gt; KI<br \/>\n&gt; Klima, Wetter<br \/>\n&gt; Mathematik<\/p>\n<\/div>\r\n    <\/div>\r\n    <\/div><!-- \/ accordion -->\r\n\r\n<\/div><\/div><\/div><div id=\"pgc-2-0-2\"  class=\"panel-grid-cell\" ><div id=\"panel-2-0-2-0\" class=\"so-panel widget widget_sow-image panel-first-child\" data-index=\"4\" ><div\n\t\t\t\n\t\t\tclass=\"so-widget-sow-image so-widget-sow-image-default-8b5b6f678277-2\"\n\t\t\t\n\t\t>\n\n<div class=\"sow-image-container\">\n\t\t<img decoding=\"async\" src=\"https:\/\/gpaddress.de\/wp-content\/uploads\/2017\/03\/Fotolia_94799542_S.jpg\" width=\"849\" height=\"566\" srcset=\"https:\/\/gpaddress.de\/wp-content\/uploads\/2017\/03\/Fotolia_94799542_S.jpg 849w, https:\/\/gpaddress.de\/wp-content\/uploads\/2017\/03\/Fotolia_94799542_S-300x200.jpg 300w, https:\/\/gpaddress.de\/wp-content\/uploads\/2017\/03\/Fotolia_94799542_S-768x512.jpg 768w, https:\/\/gpaddress.de\/wp-content\/uploads\/2017\/03\/Fotolia_94799542_S-272x182.jpg 272w\" sizes=\"(max-width: 849px) 100vw, 849px\" title=\"Waves of blue light and businessman using on laptop computer as\" alt=\"\" loading=\"lazy\" \t\tclass=\"so-widget-image\"\/>\n\t<\/div>\n\n<\/div><\/div><div id=\"panel-2-0-2-1\" class=\"so-panel widget widget_toggles panel-last-child\" data-index=\"5\" ><div\n\t\t\t\n\t\t\tclass=\"so-widget-toggles so-widget-toggles-toggles-style-fbb5f6bcb295-2\"\n\t\t\t\n\t\t>\r\n\r\n    <h3 class=\"widget-title\">\r\n        <span>Projektmanagement<\/span>\r\n    <\/h3>\r\n\r\n\r\n<div class=\"soua-main\">\r\n        <div class=\"soua-accordion\">\r\n        <a class=\"soua-accordion-title \">\r\n        <div class=\" right_b  bg \">\r\n        \r\n        \t\r\n                <div class=\"soua-accordion-icon-left\">\r\n        <span class=\"sow-icon-fontawesome sow-far\" data-sow-icon=\"&#xf07c;\"\n\t\t \n\t\taria-hidden=\"true\"><\/span>        <\/div>\r\n    \t    \t\r\n        National und International\r\n        \r\n    \t<\/div>\r\n        <\/a>\r\n        <div class=\"soua-accordion-content\"  style=\"padding: 15px\"; > <p><strong>Nationales und internationales Projektmanagement f\u00fcr<\/strong><\/p>\n<p>Systeme und Anlagen der :<br \/> &gt; Sensorik und Pr\u00fcftechnik<br \/> &gt; E-Mobilit\u00e4t<br \/> &gt; Agrartechnik<br \/> &gt;Satellitenfernerkundung<br \/> &gt; GNSS (Globale Navigationssysteme)<br \/> &gt; Raumfahrt<br \/> &gt; Luftfahrt<\/p>\n<\/div>\r\n    <\/div>\r\n        <div class=\"soua-accordion\">\r\n        <a class=\"soua-accordion-title \">\r\n        <div class=\" right_b  bg \">\r\n        \r\n        \t\r\n                <div class=\"soua-accordion-icon-left\">\r\n        <span class=\"sow-icon-fontawesome sow-far\" data-sow-icon=\"&#xf07c;\"\n\t\t \n\t\taria-hidden=\"true\"><\/span>        <\/div>\r\n    \t    \t\r\n        Schnittstellenmanagement\r\n        \r\n    \t<\/div>\r\n        <\/a>\r\n        <div class=\"soua-accordion-content\"  style=\"padding: 15px\"; > Wir arbeiten an den Schnittstellen verschiedener wissenschaftlicher und technischer Disziplinen um durch interdisziplin\u00e4ren Austausch neue Wege zu erkunden und zu entwickeln. Dies gilt gleicherma\u00dfen f\u00fcr Menschen, Sensoren und Prozesse.<\/div>\r\n    <\/div>\r\n        <div class=\"soua-accordion\">\r\n        <a class=\"soua-accordion-title \">\r\n        <div class=\" right_b  bg \">\r\n        \r\n        \t\r\n                <div class=\"soua-accordion-icon-left\">\r\n        <span class=\"sow-icon-fontawesome sow-far\" data-sow-icon=\"&#xf07c;\"\n\t\t \n\t\taria-hidden=\"true\"><\/span>        <\/div>\r\n    \t    \t\r\n        PJM - Netzwerk\r\n        \r\n    \t<\/div>\r\n        <\/a>\r\n        <div class=\"soua-accordion-content\"  style=\"padding: 15px\"; > Entsprechend Ihrer jeweiligen Aufgabenstellung unterst\u00fctzen wir Sie mit unserem Projektmanagement-Netzwerk, mittels erfahrenen Spezialisten und\/oder Generalisten.<\/div>\r\n    <\/div>\r\n    <\/div><!-- \/ accordion -->\r\n\r\n<\/div><\/div><\/div><div id=\"pgc-2-0-3\"  class=\"panel-grid-cell\" ><div id=\"panel-2-0-3-0\" class=\"so-panel widget widget_sow-image panel-first-child\" data-index=\"6\" ><div\n\t\t\t\n\t\t\tclass=\"so-widget-sow-image so-widget-sow-image-default-8b5b6f678277-2\"\n\t\t\t\n\t\t>\n\n<div class=\"sow-image-container\">\n\t\t<img decoding=\"async\" src=\"https:\/\/gpaddress.de\/wp-content\/uploads\/2017\/03\/Fotolia_78071686_S_beschn.jpg\" width=\"757\" height=\"505\" srcset=\"https:\/\/gpaddress.de\/wp-content\/uploads\/2017\/03\/Fotolia_78071686_S_beschn.jpg 757w, https:\/\/gpaddress.de\/wp-content\/uploads\/2017\/03\/Fotolia_78071686_S_beschn-300x200.jpg 300w, https:\/\/gpaddress.de\/wp-content\/uploads\/2017\/03\/Fotolia_78071686_S_beschn-272x182.jpg 272w\" sizes=\"(max-width: 757px) 100vw, 757px\" title=\"Double exposure of businessman shows modern technology as concept\" alt=\"\" loading=\"lazy\" \t\tclass=\"so-widget-image\"\/>\n\t<\/div>\n\n<\/div><\/div><div id=\"panel-2-0-3-1\" class=\"so-panel widget widget_toggles panel-last-child\" data-index=\"7\" ><div\n\t\t\t\n\t\t\tclass=\"so-widget-toggles so-widget-toggles-toggles-style-fbb5f6bcb295-2\"\n\t\t\t\n\t\t>\r\n\r\n    <h3 class=\"widget-title\">\r\n        <span>Beratung<\/span>\r\n    <\/h3>\r\n\r\n\r\n<div class=\"soua-main\">\r\n        <div class=\"soua-accordion\">\r\n        <a class=\"soua-accordion-title \">\r\n        <div class=\" right_b  bg \">\r\n        \r\n        \t\r\n                <div class=\"soua-accordion-icon-left\">\r\n        <span class=\"sow-icon-fontawesome sow-far\" data-sow-icon=\"&#xf07c;\"\n\t\t \n\t\taria-hidden=\"true\"><\/span>        <\/div>\r\n    \t    \t\r\n        Technologie - Beratung\r\n        \r\n    \t<\/div>\r\n        <\/a>\r\n        <div class=\"soua-accordion-content\"  style=\"padding: 15px\"; > <p>&gt; Datengenerierung<br \/>\n&gt; Sensorik<br \/>\n&gt; Datenverarbeitung<br \/>\n&gt; Bildverarbeitung<br \/>\n&gt; Optik<br \/>\n&gt; E-Mobilit\u00e4t<br \/>\n&gt; Agrartechnik<br \/>\n&gt; GNSS<br \/>\n&gt; Akustik<br \/>\n&gt; NVH<br \/>\n&gt; Str\u00f6mungsmechanik<br \/>\n&gt; Partikelstr\u00f6mung<br \/>\n&gt; Thermodynamik<\/p>\n<\/div>\r\n    <\/div>\r\n        <div class=\"soua-accordion\">\r\n        <a class=\"soua-accordion-title \">\r\n        <div class=\" right_b  bg \">\r\n        \r\n        \t\r\n                <div class=\"soua-accordion-icon-left\">\r\n        <span class=\"sow-icon-fontawesome sow-far\" data-sow-icon=\"&#xf07c;\"\n\t\t \n\t\taria-hidden=\"true\"><\/span>        <\/div>\r\n    \t    \t\r\n        Probleml\u00f6sungen\r\n        \r\n    \t<\/div>\r\n        <\/a>\r\n        <div class=\"soua-accordion-content\"  style=\"padding: 15px\"; > Anwendung verschiedener Methoden bis hin zur Detailbetrachtung z.B.\nBottom-up oder Top-down Betrachtungen.<\/div>\r\n    <\/div>\r\n        <div class=\"soua-accordion\">\r\n        <a class=\"soua-accordion-title \">\r\n        <div class=\" right_b  bg \">\r\n        \r\n        \t\r\n                <div class=\"soua-accordion-icon-left\">\r\n        <span class=\"sow-icon-fontawesome sow-far\" data-sow-icon=\"&#xf07c;\"\n\t\t \n\t\taria-hidden=\"true\"><\/span>        <\/div>\r\n    \t    \t\r\n        Nachhaltigkeit\r\n        \r\n    \t<\/div>\r\n        <\/a>\r\n        <div class=\"soua-accordion-content\"  style=\"padding: 15px\"; > Anwendung eigener Verfahren zur Untersuchung von Energie- und Stoffeinsatz in E-Mobilit\u00e4t und Agrartechnik. <\/div>\r\n    <\/div>\r\n        <div class=\"soua-accordion\">\r\n        <a class=\"soua-accordion-title \">\r\n        <div class=\" right_b  bg \">\r\n        \r\n        \t\r\n                <div class=\"soua-accordion-icon-left\">\r\n        <span class=\"sow-icon-fontawesome sow-far\" data-sow-icon=\"&#xf07c;\"\n\t\t \n\t\taria-hidden=\"true\"><\/span>        <\/div>\r\n    \t    \t\r\n        Coaching\r\n        \r\n    \t<\/div>\r\n        <\/a>\r\n        <div class=\"soua-accordion-content\"  style=\"padding: 15px\"; > Wir coachen mit unserem Know-How und unseren langj\u00e4hrigen Erfahrungen -\nweltweit bekannte Firmen und Start-ups, Forschungs- und Entwicklungseinrichtungen, Universit\u00e4ten, Lehrst\u00fchle und Institute.<\/div>\r\n    <\/div>\r\n        <div class=\"soua-accordion\">\r\n        <a class=\"soua-accordion-title \">\r\n        <div class=\" right_b  bg \">\r\n        \r\n        \t\r\n                <div class=\"soua-accordion-icon-left\">\r\n        <span class=\"sow-icon-fontawesome sow-far\" data-sow-icon=\"&#xf07c;\"\n\t\t \n\t\taria-hidden=\"true\"><\/span>        <\/div>\r\n    \t    \t\r\n        Berater - Netzwerk\r\n        \r\n    \t<\/div>\r\n        <\/a>\r\n        <div class=\"soua-accordion-content\"  style=\"padding: 15px\"; > <p>&gt; Ingenieure Maschinenbau<br \/> &gt; Ingenieure E-Technik<br \/> &gt; Ingenieure Mechatronik<br \/> &gt; IT-Spezialisten<br \/> &gt; Wirtschaftsingenieure MB<br \/> &gt; Betriebswirte<br \/> &gt; Agrartechniker<br \/> &gt; Klima und Wetter<\/p>\n<p>mit langj\u00e4hrigen Erfahrungen und umfangreichem Know-How<\/p>\n<\/div>\r\n    <\/div>\r\n    <\/div><!-- \/ accordion -->\r\n\r\n<\/div><\/div><\/div><\/div><div id=\"pg-2-1\"  class=\"panel-grid panel-no-style\" ><div id=\"pgc-2-1-0\"  class=\"panel-grid-cell panel-grid-cell-empty\" ><\/div><div id=\"pgc-2-1-1\"  class=\"panel-grid-cell panel-grid-cell-empty\" ><\/div><div id=\"pgc-2-1-2\"  class=\"panel-grid-cell panel-grid-cell-empty panel-grid-cell-mobile-last\" ><\/div><div id=\"pgc-2-1-3\"  class=\"panel-grid-cell panel-grid-cell-empty\" ><\/div><\/div><\/div>","protected":false},"excerpt":{"rendered":"<p>F &amp; E Fachgebiete &gt;\u00a0Datenverarbeitung &gt;\u00a0Bildverarbeitung &gt; Optik &gt; Digitalmikroskopie &gt; GNSS-Geo-Positionssysteme &gt; Strukturmechanik &gt; Schwingungsdynamik &gt; Akustik &gt;\u00a0Str\u00f6mungsmechanik &gt; Aerodynamik &gt; Thermodynamik Technologieentwicklung Wir entwickeln Ihre Anforderungen mit unserem Know-How und unseren Erfahrungen. F\u00fcr Entwicklungen im Bereich Sensorik und deren Datenanalyse bieten wir [&hellip;]<\/p>\n","protected":false},"author":2,"featured_media":0,"parent":0,"menu_order":1,"comment_status":"closed","ping_status":"closed","template":"","meta":{"footnotes":""},"_links":{"self":[{"href":"https:\/\/gpaddress.de\/en\/wp-json\/wp\/v2\/pages\/2"}],"collection":[{"href":"https:\/\/gpaddress.de\/en\/wp-json\/wp\/v2\/pages"}],"about":[{"href":"https:\/\/gpaddress.de\/en\/wp-json\/wp\/v2\/types\/page"}],"author":[{"embeddable":true,"href":"https:\/\/gpaddress.de\/en\/wp-json\/wp\/v2\/users\/2"}],"replies":[{"embeddable":true,"href":"https:\/\/gpaddress.de\/en\/wp-json\/wp\/v2\/comments?post=2"}],"version-history":[{"count":397,"href":"https:\/\/gpaddress.de\/en\/wp-json\/wp\/v2\/pages\/2\/revisions"}],"predecessor-version":[{"id":1970,"href":"https:\/\/gpaddress.de\/en\/wp-json\/wp\/v2\/pages\/2\/revisions\/1970"}],"wp:attachment":[{"href":"https:\/\/gpaddress.de\/en\/wp-json\/wp\/v2\/media?parent=2"}],"curies":[{"name":"wp","href":"https:\/\/api.w.org\/{rel}","templated":true}]}}