{"id":751,"date":"2017-03-12T12:44:38","date_gmt":"2017-03-12T11:44:38","guid":{"rendered":"http:\/\/m-tec-gmbh.net\/?page_id=751"},"modified":"2022-12-05T22:23:57","modified_gmt":"2022-12-05T21:23:57","slug":"home","status":"publish","type":"page","link":"https:\/\/gpaddress.de\/en\/","title":{"rendered":"Home"},"content":{"rendered":"<div id=\"pl-751\"  class=\"panel-layout\" ><div id=\"pg-751-0\"  class=\"panel-grid panel-no-style\" ><div id=\"pgc-751-0-0\"  class=\"panel-grid-cell\" ><div id=\"panel-751-0-0-0\" class=\"so-panel widget widget_sow-image panel-first-child\" data-index=\"0\" ><div\n\t\t\t\n\t\t\tclass=\"so-widget-sow-image so-widget-sow-image-default-8b5b6f678277-751\"\n\t\t\t\n\t\t>\n\n<div class=\"sow-image-container\">\n\t\t\t<a href=\"https:\/\/gpaddress.de\/en\/dienstleistungen\/\"\n\t\t\t\t\t>\n\t\t\t<img decoding=\"async\" src=\"https:\/\/gpaddress.de\/wp-content\/uploads\/2017\/03\/Fotolia_106231715_S.jpg\" width=\"846\" height=\"539\" srcset=\"https:\/\/gpaddress.de\/wp-content\/uploads\/2017\/03\/Fotolia_106231715_S.jpg 846w, https:\/\/gpaddress.de\/wp-content\/uploads\/2017\/03\/Fotolia_106231715_S-300x191.jpg 300w, https:\/\/gpaddress.de\/wp-content\/uploads\/2017\/03\/Fotolia_106231715_S-768x489.jpg 768w\" sizes=\"(max-width: 846px) 100vw, 846px\" title=\"Data.\" alt=\"\" loading=\"lazy\" \t\tclass=\"so-widget-image\"\/>\n\t<\/a><\/div>\n\n<\/div><\/div><div id=\"panel-751-0-0-1\" class=\"so-panel widget widget_text\" data-index=\"1\" ><h3 class=\"widget-title\">Dienstleistungen<\/h3>\t\t\t<div class=\"textwidget\">Dank unserer langj\u00e4hrigen Erfahrung, unseres Wissens und unserer Softskills k\u00f6nnen wir unseren Kunden wesentliche Wettbewerbsvorteile bieten. Dabei tr\u00e4gt unsere hohe Motivation zur entscheidenden technischen Verbesserung unserer Dienstleistungen bei.\nWir entwickeln, konstruieren und realisieren im Umfeld satellitentechnischer Systeme mit nachhaltigen\nAnforderungen. Das Spektrum unserer Dienstleistungen reicht dabei\nvon rein mechanischen bis zu komplexen mechatronischen Systemen.\nTechnische L\u00f6sungen, die wir mit unseren Kompetenzen unterst\u00fctzen,\nsind Leichtbau, strukturdynamische, thermodynamische und str\u00f6mungsmechanische,\nsoft-und hardwaretechnische Aufgaben. Die Inhalte\nunserer speziellen Soft- und Hardwareentwicklungen verkn\u00fcpfen\nGNSS (GPS, Galileo, GLONASS) mit Mobilfunk und Internet. Hierbei arbeiten\nwir an Systemen zur Unterst\u00fctzung von Menschen in komplexen\nEntscheidungssituationen, im Speziellen im Bereich Civil Aviation. Seit\n2012 erstellen wir im Sinne des i4 (Industrie 4.0) auch Applikationen,\nAPPs f\u00fcr Spartphones und Tablets, im mechatronischen, industriellen und landwirtschaftlichen Umfeld sowie\nin Themen zur Mobilit\u00e4t .\n\n\n\n<\/div>\n\t\t<\/div><div id=\"panel-751-0-0-2\" class=\"so-panel widget widget_sow-button\" data-index=\"2\" ><div\n\t\t\t\n\t\t\tclass=\"so-widget-sow-button so-widget-sow-button-flat-21f1760c5573-751\"\n\t\t\t\n\t\t><div class=\"ow-button-base ow-button-align-justify\">\n\t<a\n\thref=\"https:\/\/gpaddress.de\/en\/dienstleistungen\/\"\n\t\tclass=\"ow-icon-placement-left ow-button-hover\" \t>\n\t\t<span>\n\t\t\t<span class=\"sow-icon-fontawesome sow-fas\" data-sow-icon=\"&#xf061;\"\n\t\tstyle=\"color: #ffffff\" \n\t\taria-hidden=\"true\"><\/span>\n\t\t\tForschung &amp; Entwicklung\t\t<\/span>\n\t<\/a>\n<\/div>\n<\/div><\/div><div id=\"panel-751-0-0-3\" class=\"so-panel widget widget_sow-button\" data-index=\"3\" ><div\n\t\t\t\n\t\t\tclass=\"so-widget-sow-button so-widget-sow-button-flat-21f1760c5573-751\"\n\t\t\t\n\t\t><div class=\"ow-button-base ow-button-align-justify\">\n\t<a\n\thref=\"https:\/\/gpaddress.de\/en\/dienstleistungen\/\"\n\t\tclass=\"ow-icon-placement-left ow-button-hover\" \t>\n\t\t<span>\n\t\t\t<span class=\"sow-icon-fontawesome sow-fas\" data-sow-icon=\"&#xf061;\"\n\t\tstyle=\"color: #ffffff\" \n\t\taria-hidden=\"true\"><\/span>\n\t\t\tSatellitendatenauswertung\t\t<\/span>\n\t<\/a>\n<\/div>\n<\/div><\/div><div id=\"panel-751-0-0-4\" class=\"so-panel widget widget_sow-button\" data-index=\"4\" ><div\n\t\t\t\n\t\t\tclass=\"so-widget-sow-button so-widget-sow-button-flat-21f1760c5573-751\"\n\t\t\t\n\t\t><div class=\"ow-button-base ow-button-align-justify\">\n\t<a\n\thref=\"https:\/\/gpaddress.de\/en\/dienstleistungen\/\"\n\t\tclass=\"ow-icon-placement-left ow-button-hover\" \t>\n\t\t<span>\n\t\t\t<span class=\"sow-icon-fontawesome sow-fas\" data-sow-icon=\"&#xf061;\"\n\t\tstyle=\"color: #ffffff\" \n\t\taria-hidden=\"true\"><\/span>\n\t\t\tProjektmanagement\t\t<\/span>\n\t<\/a>\n<\/div>\n<\/div><\/div><div id=\"panel-751-0-0-5\" class=\"so-panel widget widget_sow-button panel-last-child\" data-index=\"5\" ><div\n\t\t\t\n\t\t\tclass=\"so-widget-sow-button so-widget-sow-button-flat-21f1760c5573-751\"\n\t\t\t\n\t\t><div class=\"ow-button-base ow-button-align-justify\">\n\t<a\n\thref=\"https:\/\/gpaddress.de\/en\/dienstleistungen\/\"\n\t\tclass=\"ow-icon-placement-left ow-button-hover\" \t>\n\t\t<span>\n\t\t\t<span class=\"sow-icon-fontawesome sow-fas\" data-sow-icon=\"&#xf061;\"\n\t\tstyle=\"color: #ffffff\" \n\t\taria-hidden=\"true\"><\/span>\n\t\t\tTechnologie - Dienstleistung\t\t<\/span>\n\t<\/a>\n<\/div>\n<\/div><\/div><\/div><div id=\"pgc-751-0-1\"  class=\"panel-grid-cell\" ><div id=\"panel-751-0-1-0\" class=\"so-panel widget widget_sow-image panel-first-child\" data-index=\"6\" ><div\n\t\t\t\n\t\t\tclass=\"so-widget-sow-image so-widget-sow-image-default-8b5b6f678277-751\"\n\t\t\t\n\t\t>\n\n<div class=\"sow-image-container\">\n\t\t\t<a href=\"https:\/\/gpaddress.de\/en\/produkte\/\"\n\t\t\t\t\t>\n\t\t\t<img decoding=\"async\" src=\"https:\/\/gpaddress.de\/wp-content\/uploads\/2017\/06\/Fotolia_115511688_S.jpg\" width=\"846\" height=\"539\" srcset=\"https:\/\/gpaddress.de\/wp-content\/uploads\/2017\/06\/Fotolia_115511688_S.jpg 846w, https:\/\/gpaddress.de\/wp-content\/uploads\/2017\/06\/Fotolia_115511688_S-300x191.jpg 300w, https:\/\/gpaddress.de\/wp-content\/uploads\/2017\/06\/Fotolia_115511688_S-768x489.jpg 768w\" sizes=\"(max-width: 846px) 100vw, 846px\" title=\"System.\" alt=\"\" loading=\"lazy\" \t\tclass=\"so-widget-image\"\/>\n\t<\/a><\/div>\n\n<\/div><\/div><div id=\"panel-751-0-1-1\" class=\"so-panel widget widget_text\" data-index=\"7\" ><h3 class=\"widget-title\">Produkte<\/h3>\t\t\t<div class=\"textwidget\">Wir entwickeln, konstruieren und realisieren Produkte, Baugruppen\nund Bauteile f\u00fcr dynamische und hochdynamische Systeme mit nachhaltigen\nAnforderungen. Das Spektrum der Produkte, bspw. komplexe Sensorik, reicht dabei\nvon rein mechanischen bis zu komplexen mechatronischen Systemen.\nTechnische Themen, die wir mit unseren Kompetenzen unterst\u00fctzen,\nsind Leichtbau, strukturdynamische, thermodynamische und str\u00f6mungsmechanische, soft-und hardwaretechnische Aufgaben. Die Inhalte\nunserer speziellen Soft- und Hardwareentwicklungen verkn\u00fcpfen\nGNSS (GPS, Galileo, GLONASS) mit Mobilfunk und Internet, und seit neuester Entwicklung \nk\u00f6nnen wir Daten auch mit Funkapplikationen \u00fcbermitteln. \nUnsere neueste bodengest\u00fctzte Sensorik verkn\u00fcpft Echtzeit-Refererenzdaten mit\nSatellitendaten. Hierbei arbeiten wir an Systemen zur Unterst\u00fctzung von Menschen in komplexen\nEntscheidungssituationen, im Speziellen im Bereich Civil Aviation mit Nutzung von Smartphones und Tablets. \nSeit 2012 erstellen wir im Sinne des i4 (Industrie 4.0) auch Applikationen,\nAPPs, im mechatronischen, industriellen Umfeld.\n<\/div>\n\t\t<\/div><div id=\"panel-751-0-1-2\" class=\"so-panel widget widget_sow-button\" data-index=\"8\" ><div\n\t\t\t\n\t\t\tclass=\"so-widget-sow-button so-widget-sow-button-flat-21f1760c5573-751\"\n\t\t\t\n\t\t><div class=\"ow-button-base ow-button-align-justify\">\n\t<a\n\thref=\"https:\/\/gpaddress.de\/en\/produkte\/\"\n\t\tclass=\"ow-icon-placement-left ow-button-hover\" \t>\n\t\t<span>\n\t\t\t<span class=\"sow-icon-fontawesome sow-fas\" data-sow-icon=\"&#xf061;\"\n\t\tstyle=\"color: #ffffff\" \n\t\taria-hidden=\"true\"><\/span>\n\t\t\tSensorik\t\t<\/span>\n\t<\/a>\n<\/div>\n<\/div><\/div><div id=\"panel-751-0-1-3\" class=\"so-panel widget widget_sow-button\" data-index=\"9\" ><div\n\t\t\t\n\t\t\tclass=\"so-widget-sow-button so-widget-sow-button-flat-21f1760c5573-751\"\n\t\t\t\n\t\t><div class=\"ow-button-base ow-button-align-justify\">\n\t<a\n\thref=\"https:\/\/gpaddress.de\/en\/produkte\/\"\n\t\tclass=\"ow-icon-placement-left ow-button-hover\" \t>\n\t\t<span>\n\t\t\t<span class=\"sow-icon-fontawesome sow-fas\" data-sow-icon=\"&#xf061;\"\n\t\tstyle=\"color: #ffffff\" \n\t\taria-hidden=\"true\"><\/span>\n\t\t\tDatenanalyse\t\t<\/span>\n\t<\/a>\n<\/div>\n<\/div><\/div><div id=\"panel-751-0-1-4\" class=\"so-panel widget widget_sow-button\" data-index=\"10\" ><div\n\t\t\t\n\t\t\tclass=\"so-widget-sow-button so-widget-sow-button-flat-21f1760c5573-751\"\n\t\t\t\n\t\t><div class=\"ow-button-base ow-button-align-justify\">\n\t<a\n\thref=\"https:\/\/gpaddress.de\/en\/produkte\/\"\n\t\tclass=\"ow-icon-placement-left ow-button-hover\" \t>\n\t\t<span>\n\t\t\t<span class=\"sow-icon-fontawesome sow-fas\" data-sow-icon=\"&#xf061;\"\n\t\tstyle=\"color: #ffffff\" \n\t\taria-hidden=\"true\"><\/span>\n\t\t\tAPPs\t\t<\/span>\n\t<\/a>\n<\/div>\n<\/div><\/div><div id=\"panel-751-0-1-5\" class=\"so-panel widget widget_sow-button panel-last-child\" data-index=\"11\" ><div\n\t\t\t\n\t\t\tclass=\"so-widget-sow-button so-widget-sow-button-flat-f761104246a1-751\"\n\t\t\t\n\t\t><div class=\"ow-button-base ow-button-align-justify\">\n\t<a\n\thref=\"https:\/\/gpaddress.de\/en\/produkte\/\"\n\t\tclass=\"ow-icon-placement-left ow-button-hover\" \t>\n\t\t<span>\n\t\t\t<span class=\"sow-icon-fontawesome sow-fas\" data-sow-icon=\"&#xf061;\"\n\t\tstyle=\"color: #ffffff\" \n\t\taria-hidden=\"true\"><\/span>\n\t\t\tGPASS - Unterst\u00fctzung f\u00fcr die Luftfahrt\t\t<\/span>\n\t<\/a>\n<\/div>\n<\/div><\/div><\/div><\/div><div id=\"pg-751-1\"  class=\"panel-grid panel-no-style\" ><div id=\"pgc-751-1-0\"  class=\"panel-grid-cell panel-grid-cell-empty panel-grid-cell-mobile-last\" ><\/div><div id=\"pgc-751-1-1\"  class=\"panel-grid-cell panel-grid-cell-empty\" ><\/div><\/div><div id=\"pg-751-2\"  class=\"panel-grid panel-no-style\" ><div id=\"pgc-751-2-0\"  class=\"panel-grid-cell panel-grid-cell-empty panel-grid-cell-mobile-last\" ><\/div><div id=\"pgc-751-2-1\"  class=\"panel-grid-cell panel-grid-cell-empty\" ><\/div><\/div><\/div>","protected":false},"excerpt":{"rendered":"<p>Dank unserer langj\u00e4hrigen Erfahrung, unseres Wissens und unserer Softskills k\u00f6nnen wir unseren Kunden wesentliche Wettbewerbsvorteile bieten. Dabei tr\u00e4gt unsere hohe Motivation zur entscheidenden technischen Verbesserung unserer Dienstleistungen bei. Wir entwickeln, konstruieren und realisieren im Umfeld satellitentechnischer Systeme mit nachhaltigen Anforderungen. Das Spektrum unserer Dienstleistungen [&hellip;]<\/p>\n","protected":false},"author":2,"featured_media":0,"parent":0,"menu_order":0,"comment_status":"closed","ping_status":"closed","template":"home-panels.php","meta":{"footnotes":""},"_links":{"self":[{"href":"https:\/\/gpaddress.de\/en\/wp-json\/wp\/v2\/pages\/751"}],"collection":[{"href":"https:\/\/gpaddress.de\/en\/wp-json\/wp\/v2\/pages"}],"about":[{"href":"https:\/\/gpaddress.de\/en\/wp-json\/wp\/v2\/types\/page"}],"author":[{"embeddable":true,"href":"https:\/\/gpaddress.de\/en\/wp-json\/wp\/v2\/users\/2"}],"replies":[{"embeddable":true,"href":"https:\/\/gpaddress.de\/en\/wp-json\/wp\/v2\/comments?post=751"}],"version-history":[{"count":132,"href":"https:\/\/gpaddress.de\/en\/wp-json\/wp\/v2\/pages\/751\/revisions"}],"predecessor-version":[{"id":1806,"href":"https:\/\/gpaddress.de\/en\/wp-json\/wp\/v2\/pages\/751\/revisions\/1806"}],"wp:attachment":[{"href":"https:\/\/gpaddress.de\/en\/wp-json\/wp\/v2\/media?parent=751"}],"curies":[{"name":"wp","href":"https:\/\/api.w.org\/{rel}","templated":true}]}}